{"id":1488,"date":"2026-03-09T15:24:45","date_gmt":"2026-03-09T15:24:45","guid":{"rendered":"http:\/\/estancohospitalet19.com\/home\/"},"modified":"2026-04-26T02:43:33","modified_gmt":"2026-04-26T02:43:33","slug":"home","status":"publish","type":"page","link":"https:\/\/estancohospitalet19.com\/ca\/","title":{"rendered":"Home"},"content":{"rendered":"\n<div class=\"wp-block-uagb-container uagb-block-0510ccec alignfull uagb-is-root-container\"><div class=\"uagb-container-inner-blocks-wrap\">\n<div class=\"wp-block-uagb-container uagb-block-5cb4b1bf\">\n<div class=\"wp-block-uagb-info-box uagb-block-7368a642 uagb-infobox__content-wrap  uagb-infobox-icon-above-title uagb-infobox-image-valign-top\"><div class=\"uagb-ifb-content\"><div class=\"uagb-ifb-title-wrap\"><h4 class=\"uagb-ifb-title-prefix\">Estanco en L\u2019Hospitalet 08905<\/h4><h1 class=\"uagb-ifb-title\">Estanco Hospitalet 19 en Avinguda Masnou 27<\/h1><\/div><p class=\"uagb-ifb-desc\">Tu estanco de confianza en L\u2019Hospitalet de Llobregat para comprar tabaco, papel de fumar, filtros, mecheros, pitilleras, cachimbas, regalos, marroquiner\u00eda y dispositivos como IQOS, Ploom y Glo. Atenci\u00f3n cercana, compra r\u00e1pida y ubicaci\u00f3n c\u00f3moda en la zona 08905.<\/p><\/div><\/div>\n\n\n\n<div class=\"wp-block-uagb-buttons uagb-buttons__outer-wrap uagb-btn__default-btn uagb-btn-tablet__default-btn uagb-btn-mobile__default-btn uagb-block-73f43d06\"><div class=\"uagb-buttons__wrap uagb-buttons-layout-wrap \">\n<div class=\"wp-block-uagb-buttons-child uagb-buttons__outer-wrap uagb-block-461228dc wp-block-button\"><div class=\"uagb-button__wrapper\"><a class=\"uagb-buttons-repeater wp-block-button__link\" aria-label=\"\" href=\"#\" rel=\"follow noopener\" target=\"_self\" role=\"button\"><div class=\"uagb-button__link\">Como llegar<\/div><\/a><\/div><\/div>\n<\/div><\/div>\n<\/div>\n<\/div><\/div>\n\n\n\n<div class=\"wp-block-uagb-container uagb-block-7b830887 alignfull uagb-is-root-container\"><div class=\"uagb-container-inner-blocks-wrap\">\n<div class=\"wp-block-uagb-advanced-heading uagb-block-c4252b01\"><h2 class=\"uagb-heading-text\">Todo lo que necesitas en un solo estanco\u200b<\/h2><p class=\"uagb-desc-text\">En Estanco Hospitalet 19 trabajamos para ofrecerte una experiencia c\u00f3moda, cercana y pr\u00e1ctica. Queremos que encuentres tus productos habituales, accesorios para fumador y art\u00edculos para regalo en un mismo espacio, con atenci\u00f3n profesional y servicio \u00e1gil.<\/p><\/div>\n\n\n\n<div class=\"wp-block-uagb-buttons uagb-buttons__outer-wrap uagb-btn__default-btn uagb-btn-tablet__default-btn uagb-btn-mobile__default-btn uagb-block-2ff6ae4b\"><div class=\"uagb-buttons__wrap uagb-buttons-layout-wrap \">\n<div class=\"wp-block-uagb-buttons-child uagb-buttons__outer-wrap uagb-block-cd33e4ed wp-block-button\"><div class=\"uagb-button__wrapper\"><a class=\"uagb-buttons-repeater wp-block-button__link\" aria-label=\"\" href=\"#\" rel=\"follow noopener\" target=\"_self\" role=\"button\"><div class=\"uagb-button__link\">Preguntas FRECUENTES<\/div><\/a><\/div><\/div>\n<\/div><\/div>\n\n\n\n<div class=\"wp-block-uagb-container uagb-block-4d4d48d6\">\n<div class=\"wp-block-uagb-container uagb-block-e35a1fde\">\n<div class=\"wp-block-uagb-info-box uagb-block-318f4bee uagb-infobox__content-wrap  uagb-infobox-icon-above-title uagb-infobox-image-valign-top\"><div class=\"uagb-ifb-content\"><div class=\"uagb-ifb-icon-wrap\"><svg xmlns=\"https:\/\/www.w3.org\/2000\/svg\" viewBox=\"0 0 640 512\"><path d=\"M144 288h156.1C322.6 307.8 351.8 320 384 320s61.25-12.25 83.88-32H528C589.9 288 640 237.9 640 176s-50.13-112-112-112c-18 0-34.75 4.625-49.75 12.12C453.1 30.1 406.8 0 352 0c-41 0-77.75 17.25-104 44.75C221.8 17.25 185 0 144 0c-79.5 0-144 64.5-144 144S64.5 288 144 288zM136 464H23.1C10.8 464 0 474.8 0 487.1S10.8 512 23.1 512H136C149.2 512 160 501.2 160 488S149.2 464 136 464zM616 368h-528C74.8 368 64 378.8 64 391.1S74.8 416 87.1 416h528c13.2 0 24-10.8 24-23.1S629.2 368 616 368zM552 464H231.1C218.8 464 208 474.8 208 487.1S218.8 512 231.1 512H552c13.2 0 24-10.8 24-23.1S565.2 464 552 464z\"><\/path><\/svg><\/div><div class=\"uagb-ifb-title-wrap\"><h4 class=\"uagb-ifb-title\"><strong>Tabaco y productos habituales<\/strong><\/h4><\/div><p class=\"uagb-ifb-desc\">Disponemos de una selecci\u00f3n de productos de tabaco para que encuentres tus opciones habituales con comodidad y rapidez<\/p><\/div><\/div>\n<\/div>\n\n\n\n<div class=\"wp-block-uagb-container uagb-block-f0fb8981\">\n<div class=\"wp-block-uagb-info-box uagb-block-c2361e87 uagb-infobox__content-wrap  uagb-infobox-icon-above-title uagb-infobox-image-valign-top\"><div class=\"uagb-ifb-content\"><div class=\"uagb-ifb-icon-wrap\"><svg xmlns=\"https:\/\/www.w3.org\/2000\/svg\" viewBox=\"0 0 512 512\"><path d=\"M512 165.4c0 127.9-70.05 235.3-175.3 270.1c-20.04 7.938-41.83 12.46-64.69 12.46c-64.9 0-125.2-36.51-155.7-94.47c-54.13 49.93-68.71 107-68.96 108.1C44.72 472.6 34.87 480 24.02 480c-1.844 0-3.727-.2187-5.602-.6562c-12.89-3.098-20.84-16.08-17.75-28.96c9.598-39.5 90.47-226.4 335.3-226.4C344.8 224 352 216.8 352 208S344.8 192 336 192C228.6 192 151 226.6 96.29 267.6c.1934-10.82 1.242-21.84 3.535-33.05c13.47-65.81 66.04-119 131.4-134.2c28.33-6.562 55.68-6.013 80.93-.0054c56 13.32 118.2-7.412 149.3-61.24c5.664-9.828 20.02-9.516 24.66 .8282C502.7 76.76 512 121.9 512 165.4z\"><\/path><\/svg><\/div><div class=\"uagb-ifb-title-wrap\"><h4 class=\"uagb-ifb-title\"><strong><strong>Papel, filtros y mecheros<\/strong><\/strong><\/h4><\/div><p class=\"uagb-ifb-desc\">Encuentra papel de fumar, filtros, mecheros y accesorios b\u00e1sicos para el d\u00eda a d\u00eda, con variedad y stock pensado para clientes habituales<\/p><\/div><\/div>\n<\/div>\n\n\n\n<div class=\"wp-block-uagb-container uagb-block-fb564294\">\n<div class=\"wp-block-uagb-info-box uagb-block-0a431fb6 uagb-infobox__content-wrap  uagb-infobox-icon-above-title uagb-infobox-image-valign-top\"><div class=\"uagb-ifb-content\"><div class=\"uagb-ifb-icon-wrap\"><svg xmlns=\"https:\/\/www.w3.org\/2000\/svg\" viewBox=\"0 0 512 512\"><path d=\"M492.7 42.75C517.7 67.74 517.7 108.3 492.7 133.3L436.3 189.7L322.3 75.72L378.7 19.32C403.7-5.678 444.3-5.678 469.3 19.32L492.7 42.75zM44.89 353.2L299.7 98.34L413.7 212.3L158.8 467.1C152.1 473.8 143.8 478.7 134.6 481.4L30.59 511.1C22.21 513.5 13.19 511.1 7.03 504.1C.8669 498.8-1.47 489.8 .9242 481.4L30.65 377.4C33.26 368.2 38.16 359.9 44.89 353.2zM249.4 103.4L103.4 249.4L16 161.9C-2.745 143.2-2.745 112.8 16 94.06L94.06 16C112.8-2.745 143.2-2.745 161.9 16L181.7 35.76C181.4 36.05 181 36.36 180.7 36.69L116.7 100.7C110.4 106.9 110.4 117.1 116.7 123.3C122.9 129.6 133.1 129.6 139.3 123.3L203.3 59.31C203.6 58.99 203.1 58.65 204.2 58.3L249.4 103.4zM453.7 307.8C453.4 308 453 308.4 452.7 308.7L388.7 372.7C382.4 378.9 382.4 389.1 388.7 395.3C394.9 401.6 405.1 401.6 411.3 395.3L475.3 331.3C475.6 330.1 475.1 330.6 476.2 330.3L496 350.1C514.7 368.8 514.7 399.2 496 417.9L417.9 496C399.2 514.7 368.8 514.7 350.1 496L262.6 408.6L408.6 262.6L453.7 307.8z\"><\/path><\/svg><\/div><div class=\"uagb-ifb-title-wrap\"><h4 class=\"uagb-ifb-title\">IQOS, Ploom y Glo\u200b\u200b<\/h4><\/div><p class=\"uagb-ifb-desc\">Tambi\u00e9n contamos con opciones relacionadas con dispositivos de tabaco calentado, ideales para quienes buscan alternativas y accesorios compatibles<\/p><\/div><\/div>\n<\/div>\n\n\n\n<div class=\"wp-block-uagb-container uagb-block-44e897c5\">\n<div class=\"wp-block-uagb-info-box uagb-block-aab0c17a uagb-infobox__content-wrap  uagb-infobox-icon-above-title uagb-infobox-image-valign-top\"><div class=\"uagb-ifb-content\"><div class=\"uagb-ifb-icon-wrap\"><svg xmlns=\"https:\/\/www.w3.org\/2000\/svg\" viewBox=\"0 0 448 512\"><path d=\"M112 112C112 50.14 162.1 0 224 0C285.9 0 336 50.14 336 112V160H400C426.5 160 448 181.5 448 208V416C448 469 405 512 352 512H96C42.98 512 0 469 0 416V208C0 181.5 21.49 160 48 160H112V112zM160 160H288V112C288 76.65 259.3 48 224 48C188.7 48 160 76.65 160 112V160zM136 256C149.3 256 160 245.3 160 232C160 218.7 149.3 208 136 208C122.7 208 112 218.7 112 232C112 245.3 122.7 256 136 256zM312 208C298.7 208 288 218.7 288 232C288 245.3 298.7 256 312 256C325.3 256 336 245.3 336 232C336 218.7 325.3 208 312 208z\"><\/path><\/svg><\/div><div class=\"uagb-ifb-title-wrap\"><h4 class=\"uagb-ifb-title\"><strong><strong>Cachimbas, regalos y marroquiner\u00eda<\/strong><\/strong><\/h4><\/div><p class=\"uagb-ifb-desc\">Completa tu compra con cachimbas, pitilleras, peque\u00f1os regalos y art\u00edculos de marroquiner\u00eda seleccionados para sorprender o darte un capricho<\/p><\/div><\/div>\n<\/div>\n<\/div>\n<\/div><\/div>\n\n\n\n<div class=\"wp-block-uagb-container uagb-block-4bf68d2c alignfull uagb-is-root-container\"><div class=\"uagb-container-inner-blocks-wrap\">\n<div class=\"wp-block-uagb-advanced-heading uagb-block-3f15a6cb\"><h2 class=\"uagb-heading-text\">Productos destacados de nuestro estanco\u200b<\/h2><p class=\"uagb-desc-text\">Hemos reunido una selecci\u00f3n de productos y accesorios que forman parte de la oferta m\u00e1s buscada por nuestros clientes en L\u2019Hospitalet. Calidad, variedad y atenci\u00f3n cercana en cada visita<\/p><\/div>\n\n\n\n<div class=\"wp-block-uagb-container uagb-block-08b23a9b\">\n<div class=\"wp-block-uagb-image uagb-block-a7c3c2df wp-block-uagb-image--layout-default wp-block-uagb-image--effect-static wp-block-uagb-image--align-none\"><figure class=\"wp-block-uagb-image__figure\"><img decoding=\"async\" srcset=\"https:\/\/estancohospitalet19.com\/wp-content\/uploads\/2026\/04\/c92f31e8-f939-40e9-a776-5fce4aa96ead-1024x765.png ,https:\/\/estancohospitalet19.com\/wp-content\/uploads\/2026\/04\/c92f31e8-f939-40e9-a776-5fce4aa96ead.png 780w, https:\/\/estancohospitalet19.com\/wp-content\/uploads\/2026\/04\/c92f31e8-f939-40e9-a776-5fce4aa96ead.png 360w\" sizes=\"auto, (max-width: 480px) 150px\" src=\"https:\/\/estancohospitalet19.com\/wp-content\/uploads\/2026\/04\/c92f31e8-f939-40e9-a776-5fce4aa96ead-1024x765.png\" alt=\"\" class=\"uag-image-3282\" width=\"361\" height=\"270\" title=\"c92f31e8-f939-40e9-a776-5fce4aa96ead\" loading=\"lazy\" role=\"img\"\/><\/figure><\/div>\n\n\n\n<div class=\"wp-block-uagb-image uagb-block-1e3c49d5 wp-block-uagb-image--layout-default wp-block-uagb-image--effect-static wp-block-uagb-image--align-none\"><figure class=\"wp-block-uagb-image__figure\"><img decoding=\"async\" srcset=\"https:\/\/estancohospitalet19.com\/wp-content\/uploads\/2026\/04\/07e9f8b9-9dcb-4d9e-a5a3-d934c84214a9-1024x765.png ,https:\/\/estancohospitalet19.com\/wp-content\/uploads\/2026\/04\/07e9f8b9-9dcb-4d9e-a5a3-d934c84214a9.png 780w, https:\/\/estancohospitalet19.com\/wp-content\/uploads\/2026\/04\/07e9f8b9-9dcb-4d9e-a5a3-d934c84214a9.png 360w\" sizes=\"auto, (max-width: 480px) 150px\" src=\"https:\/\/estancohospitalet19.com\/wp-content\/uploads\/2026\/04\/07e9f8b9-9dcb-4d9e-a5a3-d934c84214a9-1024x765.png\" alt=\"\" class=\"uag-image-3283\" width=\"359\" height=\"268\" title=\"07e9f8b9-9dcb-4d9e-a5a3-d934c84214a9\" loading=\"lazy\" role=\"img\"\/><\/figure><\/div>\n\n\n\n<div class=\"wp-block-uagb-image uagb-block-bc4f23dd wp-block-uagb-image--layout-default wp-block-uagb-image--effect-static wp-block-uagb-image--align-none\"><figure class=\"wp-block-uagb-image__figure\"><img decoding=\"async\" srcset=\"https:\/\/estancohospitalet19.com\/wp-content\/uploads\/2026\/04\/fa44623e-65b4-4e93-a73e-8e5d7e3480e0-1024x765.png ,https:\/\/estancohospitalet19.com\/wp-content\/uploads\/2026\/04\/fa44623e-65b4-4e93-a73e-8e5d7e3480e0.png 780w, https:\/\/estancohospitalet19.com\/wp-content\/uploads\/2026\/04\/fa44623e-65b4-4e93-a73e-8e5d7e3480e0.png 360w\" sizes=\"auto, (max-width: 480px) 150px\" src=\"https:\/\/estancohospitalet19.com\/wp-content\/uploads\/2026\/04\/fa44623e-65b4-4e93-a73e-8e5d7e3480e0-1024x765.png\" alt=\"\" class=\"uag-image-3284\" width=\"363\" height=\"271\" title=\"fa44623e-65b4-4e93-a73e-8e5d7e3480e0\" loading=\"lazy\" role=\"img\"\/><\/figure><\/div>\n<\/div>\n\n\n\n<div class=\"wp-block-uagb-buttons uagb-buttons__outer-wrap uagb-btn__default-btn uagb-btn-tablet__default-btn uagb-btn-mobile__default-btn uagb-block-77a31664\"><div class=\"uagb-buttons__wrap uagb-buttons-layout-wrap \">\n<div class=\"wp-block-uagb-buttons-child uagb-buttons__outer-wrap uagb-block-cc514627 wp-block-button\"><div class=\"uagb-button__wrapper\"><a class=\"uagb-buttons-repeater wp-block-button__link\" aria-label=\"\" href=\"#\" rel=\"follow noopener\" target=\"_self\" role=\"button\"><div class=\"uagb-button__link\">Ver mas<\/div><\/a><\/div><\/div>\n<\/div><\/div>\n\n\n\n<div class=\"wp-block-uagb-advanced-heading uagb-block-75815616\"><h2 class=\"uagb-heading-text\">Atenci\u00f3n cercana y compra sencilla<\/h2><p class=\"uagb-desc-text\">En nuestro estanco apostamos por un trato directo, una tienda bien organizada y una selecci\u00f3n de productos pensada para facilitar tu compra. Queremos que encuentres lo que necesitas sin complicaciones, con la cercan\u00eda de un comercio de barrio y la variedad que buscas.<\/p><\/div>\n<\/div><\/div>\n\n\n\n<div class=\"wp-block-uagb-container uagb-block-b997312a alignfull uagb-is-root-container\"><div class=\"uagb-container-inner-blocks-wrap\">\n<div class=\"wp-block-uagb-container uagb-layout-grid uagb-block-005fba1f\">\n<div class=\"wp-block-uagb-advanced-heading uagb-block-12865cae\"><h3 class=\"uagb-heading-text\">Ven a visitar Estanco Hospitalet 19\u200b<\/h3><p class=\"uagb-desc-text\">Si est\u00e1s en L\u2019Hospitalet y buscas tabaco, accesorios, cachimbas, productos para IQOS, Ploom o Glo, adem\u00e1s de regalos y marroquiner\u00eda, te esperamos en nuestra tienda de Avinguda Masnou 27.<\/p><\/div>\n\n\n\n<div class=\"wp-block-uagb-buttons uagb-buttons__outer-wrap uagb-btn__default-btn uagb-btn-tablet__default-btn uagb-btn-mobile__default-btn uagb-block-2c953428\"><div class=\"uagb-buttons__wrap uagb-buttons-layout-wrap \">\n<div class=\"wp-block-uagb-buttons-child uagb-buttons__outer-wrap uagb-block-8bb4b826 wp-block-button\"><div class=\"uagb-button__wrapper\"><a class=\"uagb-buttons-repeater wp-block-button__link\" aria-label=\"\" href=\"#\" rel=\"follow noopener\" target=\"_self\" role=\"button\"><div class=\"uagb-button__link\">Como LlEGAR<\/div><\/a><\/div><\/div>\n<\/div><\/div>\n<\/div>\n<\/div><\/div>\n","protected":false},"excerpt":{"rendered":"<p>Todo lo que necesitas en un solo estanco\u200b En Estanco Hospitalet 19 trabajamos para ofrecerte una experiencia c\u00f3moda, cercana y pr\u00e1ctica. Queremos que encuentres tus productos habituales, accesorios para fumador y art\u00edculos para regalo en un mismo espacio, con atenci\u00f3n profesional y servicio \u00e1gil. Productos destacados de nuestro estanco\u200b Hemos reunido una selecci\u00f3n de productos [&hellip;]<\/p>\n","protected":false},"author":1,"featured_media":0,"parent":0,"menu_order":0,"comment_status":"closed","ping_status":"closed","template":"","meta":{"om_disable_all_campaigns":false,"_uag_custom_page_level_css":"","_monsterinsights_skip_tracking":false,"_monsterinsights_sitenote_active":false,"_monsterinsights_sitenote_note":"","_monsterinsights_sitenote_category":0,"site-sidebar-layout":"no-sidebar","site-content-layout":"page-builder","ast-site-content-layout":"full-width-container","site-content-style":"unboxed","site-sidebar-style":"unboxed","ast-global-header-display":"","ast-banner-title-visibility":"","ast-main-header-display":"","ast-hfb-above-header-display":"","ast-hfb-below-header-display":"","ast-hfb-mobile-header-display":"","site-post-title":"disabled","ast-breadcrumbs-content":"","ast-featured-img":"disabled","footer-sml-layout":"","ast-disable-related-posts":"","theme-transparent-header-meta":"enabled","adv-header-id-meta":"","stick-header-meta":"","header-above-stick-meta":"","header-main-stick-meta":"","header-below-stick-meta":"","astra-migrate-meta-layouts":"set","ast-page-background-enabled":"default","ast-page-background-meta":{"desktop":{"background-color":"","background-image":"","background-repeat":"repeat","background-position":"center center","background-size":"auto","background-attachment":"scroll","background-type":"","background-media":"","overlay-type":"","overlay-color":"","overlay-opacity":"","overlay-gradient":""},"tablet":{"background-color":"","background-image":"","background-repeat":"repeat","background-position":"center center","background-size":"auto","background-attachment":"scroll","background-type":"","background-media":"","overlay-type":"","overlay-color":"","overlay-opacity":"","overlay-gradient":""},"mobile":{"background-color":"","background-image":"","background-repeat":"repeat","background-position":"center center","background-size":"auto","background-attachment":"scroll","background-type":"","background-media":"","overlay-type":"","overlay-color":"","overlay-opacity":"","overlay-gradient":""}},"ast-content-background-meta":{"desktop":{"background-color":"var(--ast-global-color-5)","background-image":"","background-repeat":"repeat","background-position":"center center","background-size":"auto","background-attachment":"scroll","background-type":"","background-media":"","overlay-type":"","overlay-color":"","overlay-opacity":"","overlay-gradient":""},"tablet":{"background-color":"var(--ast-global-color-5)","background-image":"","background-repeat":"repeat","background-position":"center center","background-size":"auto","background-attachment":"scroll","background-type":"","background-media":"","overlay-type":"","overlay-color":"","overlay-opacity":"","overlay-gradient":""},"mobile":{"background-color":"var(--ast-global-color-5)","background-image":"","background-repeat":"repeat","background-position":"center center","background-size":"auto","background-attachment":"scroll","background-type":"","background-media":"","overlay-type":"","overlay-color":"","overlay-opacity":"","overlay-gradient":""}},"footnotes":""},"class_list":["post-1488","page","type-page","status-publish","hentry"],"aioseo_notices":[],"_hostinger_reach_plugin_has_subscription_block":false,"_hostinger_reach_plugin_is_elementor":false,"uagb_featured_image_src":{"full":false,"thumbnail":false,"medium":false,"medium_large":false,"large":false,"1536x1536":false,"2048x2048":false},"uagb_author_info":{"display_name":"ehospi19@gmail.com","author_link":"https:\/\/estancohospitalet19.com\/ca\/author\/ehospi19gmail-com\/"},"uagb_comment_info":0,"uagb_excerpt":"Todo lo que necesitas en un solo estanco\u200b En Estanco Hospitalet 19 trabajamos para ofrecerte una experiencia c\u00f3moda, cercana y pr\u00e1ctica. Queremos que encuentres tus productos habituales, accesorios para fumador y art\u00edculos para regalo en un mismo espacio, con atenci\u00f3n profesional y servicio \u00e1gil. Productos destacados de nuestro estanco\u200b Hemos reunido una selecci\u00f3n de productos&hellip;","_links":{"self":[{"href":"https:\/\/estancohospitalet19.com\/ca\/wp-json\/wp\/v2\/pages\/1488","targetHints":{"allow":["GET"]}}],"collection":[{"href":"https:\/\/estancohospitalet19.com\/ca\/wp-json\/wp\/v2\/pages"}],"about":[{"href":"https:\/\/estancohospitalet19.com\/ca\/wp-json\/wp\/v2\/types\/page"}],"author":[{"embeddable":true,"href":"https:\/\/estancohospitalet19.com\/ca\/wp-json\/wp\/v2\/users\/1"}],"replies":[{"embeddable":true,"href":"https:\/\/estancohospitalet19.com\/ca\/wp-json\/wp\/v2\/comments?post=1488"}],"version-history":[{"count":4,"href":"https:\/\/estancohospitalet19.com\/ca\/wp-json\/wp\/v2\/pages\/1488\/revisions"}],"predecessor-version":[{"id":3285,"href":"https:\/\/estancohospitalet19.com\/ca\/wp-json\/wp\/v2\/pages\/1488\/revisions\/3285"}],"wp:attachment":[{"href":"https:\/\/estancohospitalet19.com\/ca\/wp-json\/wp\/v2\/media?parent=1488"}],"curies":[{"name":"wp","href":"https:\/\/api.w.org\/{rel}","templated":true}]}}